{"id":59,"date":"2026-01-15T02:31:47","date_gmt":"2026-01-15T05:31:47","guid":{"rendered":"https:\/\/jgtv-programas-e-noticias.builderallwppro.com\/?page_id=59"},"modified":"2026-01-15T05:30:57","modified_gmt":"2026-01-15T08:30:57","slug":"expediente-e-contato","status":"publish","type":"page","link":"https:\/\/jgtv-programas-e-noticias.builderallwppro.com\/?page_id=59","title":{"rendered":"Expediente e contato"},"content":{"rendered":"\n<p><\/p>\n\n\n\n<p>O <strong>JG TV<\/strong> est\u00e1 aberto a pautas, sugest\u00f5es de convidados, parcerias editoriais e propostas comerciais alinhadas aos temas do projeto.<\/p>\n\n\n\n<p>Entre em contato pelo canal mais adequado \u00e0 sua solicita\u00e7\u00e3o:<\/p>\n\n\n\n<p>\ud83d\udce9 <strong>Pautas, sugest\u00f5es de temas e convidados<\/strong><br><a href=\"mailto:podcasts@jussaragoyano.com\">podcasts@jussaragoyano.com<\/a><\/p>\n\n\n\n<p>\ud83d\udce9 <strong>Apoio cultural, publicidade e parcerias comerciais<\/strong><br><a href=\"mailto:comercialpodcasts@jussaragoyano.com\">comercialpodcasts@jussaragoyano.com<\/a><\/p>\n\n\n\n<p><\/p>\n\n\n\n<p>\ud83c\udfa5 <strong>Canal no YouTube<\/strong><br><a href=\"http:\/\/www.youtube.com\/@JGTV-podcast\">www.youtube.com\/@JGTV-podcast<\/a><\/p>\n\n\n\n<p>\ud83d\udcf1 <strong>Redes sociais<\/strong><br>Conte\u00fados, cortes e atualiza\u00e7\u00f5es tamb\u00e9m s\u00e3o publicados nos perfis profissionais vinculados ao projeto.<\/p>\n\n\n\n<hr class=\"wp-block-separator has-alpha-channel-opacity\"\/>\n\n\n\n<h1 class=\"wp-block-heading\">Quem faz<\/h1>\n\n\n\n<p><strong>JG TV<\/strong> \u00e9 um projeto editorial independente dedicado a Comunica\u00e7\u00e3o, Empreendedorismo e Desenvolvimento Humano.<\/p>\n\n\n\n<h3 class=\"wp-block-heading\">Anfitri\u00e3 e Editora<\/h3>\n\n\n\n<p><strong>Jussara Goyano<\/strong><br>Jornalista, empres\u00e1ria, coach e mentora<\/p>\n\n\n\n<p>Respons\u00e1vel pela curadoria editorial, apresenta\u00e7\u00e3o, entrevistas, produ\u00e7\u00e3o de conte\u00fado e dire\u00e7\u00e3o do projeto.<\/p>\n\n\n\n<hr class=\"wp-block-separator has-alpha-channel-opacity\"\/>\n\n\n\n<p>\u00a9 JG TV \u2013 Todos os direitos reservados<\/p>\n","protected":false},"excerpt":{"rendered":"<p>O JG TV est\u00e1 aberto a pautas, sugest\u00f5es de convidados, parcerias editoriais e propostas comerciais alinhadas aos temas do projeto. Entre em contato pelo canal mais adequado \u00e0 sua solicita\u00e7\u00e3o: \ud83d\udce9 Pautas, sugest\u00f5es de temas e convidadospodcasts@jussaragoyano.com \ud83d\udce9 Apoio cultural, publicidade e parcerias comerciaiscomercialpodcasts@jussaragoyano.com \ud83c\udfa5 Canal no YouTubewww.youtube.com\/@JGTV-podcast \ud83d\udcf1 Redes sociaisConte\u00fados, cortes e atualiza\u00e7\u00f5es tamb\u00e9m [&hellip;]<\/p>\n","protected":false},"author":1,"featured_media":0,"parent":0,"menu_order":0,"comment_status":"closed","ping_status":"closed","template":"","meta":{"footnotes":""},"class_list":["post-59","page","type-page","status-publish","hentry"],"yoast_head":"<!-- This site is optimized with the Yoast SEO plugin v26.8 - https:\/\/yoast.com\/product\/yoast-seo-wordpress\/ -->\n<title>Expediente e contato - JGTV Programas e Not\u00edcias<\/title>\n<meta name=\"robots\" content=\"index, follow, max-snippet:-1, max-image-preview:large, max-video-preview:-1\" \/>\n<link rel=\"canonical\" href=\"https:\/\/www.jgtvpodcast.com\/?page_id=59\" \/>\n<meta property=\"og:locale\" content=\"pt_BR\" \/>\n<meta property=\"og:type\" content=\"article\" \/>\n<meta property=\"og:title\" content=\"Expediente e contato - JGTV Programas e Not\u00edcias\" \/>\n<meta property=\"og:description\" content=\"O JG TV est\u00e1 aberto a pautas, sugest\u00f5es de convidados, parcerias editoriais e propostas comerciais alinhadas aos temas do projeto. Entre em contato pelo canal mais adequado \u00e0 sua solicita\u00e7\u00e3o: \ud83d\udce9 Pautas, sugest\u00f5es de temas e convidadospodcasts@jussaragoyano.com \ud83d\udce9 Apoio cultural, publicidade e parcerias comerciaiscomercialpodcasts@jussaragoyano.com \ud83c\udfa5 Canal no YouTubewww.youtube.com\/@JGTV-podcast \ud83d\udcf1 Redes sociaisConte\u00fados, cortes e atualiza\u00e7\u00f5es tamb\u00e9m [&hellip;]\" \/>\n<meta property=\"og:url\" content=\"https:\/\/www.jgtvpodcast.com\/?page_id=59\" \/>\n<meta property=\"og:site_name\" content=\"JGTV Programas e Not\u00edcias\" \/>\n<meta property=\"article:modified_time\" content=\"2026-01-15T08:30:57+00:00\" \/>\n<meta name=\"twitter:card\" content=\"summary_large_image\" \/>\n<meta name=\"twitter:label1\" content=\"Est. tempo de leitura\" \/>\n\t<meta name=\"twitter:data1\" content=\"1 minuto\" \/>\n<script type=\"application\/ld+json\" class=\"yoast-schema-graph\">{\"@context\":\"https:\/\/schema.org\",\"@graph\":[{\"@type\":\"WebPage\",\"@id\":\"https:\/\/www.jgtvpodcast.com\/?page_id=59\",\"url\":\"https:\/\/www.jgtvpodcast.com\/?page_id=59\",\"name\":\"Expediente e contato - JGTV Programas e Not\u00edcias\",\"isPartOf\":{\"@id\":\"https:\/\/jgtv-programas-e-noticias.builderallwppro.com\/#website\"},\"datePublished\":\"2026-01-15T05:31:47+00:00\",\"dateModified\":\"2026-01-15T08:30:57+00:00\",\"breadcrumb\":{\"@id\":\"https:\/\/www.jgtvpodcast.com\/?page_id=59#breadcrumb\"},\"inLanguage\":\"pt-BR\",\"potentialAction\":[{\"@type\":\"ReadAction\",\"target\":[\"https:\/\/www.jgtvpodcast.com\/?page_id=59\"]}]},{\"@type\":\"BreadcrumbList\",\"@id\":\"https:\/\/www.jgtvpodcast.com\/?page_id=59#breadcrumb\",\"itemListElement\":[{\"@type\":\"ListItem\",\"position\":1,\"name\":\"In\u00edcio\",\"item\":\"https:\/\/jgtv-programas-e-noticias.builderallwppro.com\/\"},{\"@type\":\"ListItem\",\"position\":2,\"name\":\"Expediente e contato\"}]},{\"@type\":\"WebSite\",\"@id\":\"https:\/\/jgtv-programas-e-noticias.builderallwppro.com\/#website\",\"url\":\"https:\/\/jgtv-programas-e-noticias.builderallwppro.com\/\",\"name\":\"JGTV Programas e Not\u00edcias\",\"description\":\"Site do JG TV - O seu podcast sobre Comunica\u00e7\u00e3o, Empreendedorismo e Desenvolvimento Humano\",\"publisher\":{\"@id\":\"https:\/\/jgtv-programas-e-noticias.builderallwppro.com\/#organization\"},\"potentialAction\":[{\"@type\":\"SearchAction\",\"target\":{\"@type\":\"EntryPoint\",\"urlTemplate\":\"https:\/\/jgtv-programas-e-noticias.builderallwppro.com\/?s={search_term_string}\"},\"query-input\":{\"@type\":\"PropertyValueSpecification\",\"valueRequired\":true,\"valueName\":\"search_term_string\"}}],\"inLanguage\":\"pt-BR\"},{\"@type\":\"Organization\",\"@id\":\"https:\/\/jgtv-programas-e-noticias.builderallwppro.com\/#organization\",\"name\":\"JGTV Programas e Not\u00edcias\",\"url\":\"https:\/\/jgtv-programas-e-noticias.builderallwppro.com\/\",\"logo\":{\"@type\":\"ImageObject\",\"inLanguage\":\"pt-BR\",\"@id\":\"https:\/\/jgtv-programas-e-noticias.builderallwppro.com\/#\/schema\/logo\/image\/\",\"url\":\"https:\/\/jgtv-programas-e-noticias.builderallwppro.com\/wp-content\/uploads\/2026\/01\/cropped-logoJGTV-1.png\",\"contentUrl\":\"https:\/\/jgtv-programas-e-noticias.builderallwppro.com\/wp-content\/uploads\/2026\/01\/cropped-logoJGTV-1.png\",\"width\":1918,\"height\":1080,\"caption\":\"JGTV Programas e Not\u00edcias\"},\"image\":{\"@id\":\"https:\/\/jgtv-programas-e-noticias.builderallwppro.com\/#\/schema\/logo\/image\/\"}}]}<\/script>\n<!-- \/ Yoast SEO plugin. -->","yoast_head_json":{"title":"Expediente e contato - JGTV Programas e Not\u00edcias","robots":{"index":"index","follow":"follow","max-snippet":"max-snippet:-1","max-image-preview":"max-image-preview:large","max-video-preview":"max-video-preview:-1"},"canonical":"https:\/\/www.jgtvpodcast.com\/?page_id=59","og_locale":"pt_BR","og_type":"article","og_title":"Expediente e contato - JGTV Programas e Not\u00edcias","og_description":"O JG TV est\u00e1 aberto a pautas, sugest\u00f5es de convidados, parcerias editoriais e propostas comerciais alinhadas aos temas do projeto. Entre em contato pelo canal mais adequado \u00e0 sua solicita\u00e7\u00e3o: \ud83d\udce9 Pautas, sugest\u00f5es de temas e convidadospodcasts@jussaragoyano.com \ud83d\udce9 Apoio cultural, publicidade e parcerias comerciaiscomercialpodcasts@jussaragoyano.com \ud83c\udfa5 Canal no YouTubewww.youtube.com\/@JGTV-podcast \ud83d\udcf1 Redes sociaisConte\u00fados, cortes e atualiza\u00e7\u00f5es tamb\u00e9m [&hellip;]","og_url":"https:\/\/www.jgtvpodcast.com\/?page_id=59","og_site_name":"JGTV Programas e Not\u00edcias","article_modified_time":"2026-01-15T08:30:57+00:00","twitter_card":"summary_large_image","twitter_misc":{"Est. tempo de leitura":"1 minuto"},"schema":{"@context":"https:\/\/schema.org","@graph":[{"@type":"WebPage","@id":"https:\/\/www.jgtvpodcast.com\/?page_id=59","url":"https:\/\/www.jgtvpodcast.com\/?page_id=59","name":"Expediente e contato - JGTV Programas e Not\u00edcias","isPartOf":{"@id":"https:\/\/jgtv-programas-e-noticias.builderallwppro.com\/#website"},"datePublished":"2026-01-15T05:31:47+00:00","dateModified":"2026-01-15T08:30:57+00:00","breadcrumb":{"@id":"https:\/\/www.jgtvpodcast.com\/?page_id=59#breadcrumb"},"inLanguage":"pt-BR","potentialAction":[{"@type":"ReadAction","target":["https:\/\/www.jgtvpodcast.com\/?page_id=59"]}]},{"@type":"BreadcrumbList","@id":"https:\/\/www.jgtvpodcast.com\/?page_id=59#breadcrumb","itemListElement":[{"@type":"ListItem","position":1,"name":"In\u00edcio","item":"https:\/\/jgtv-programas-e-noticias.builderallwppro.com\/"},{"@type":"ListItem","position":2,"name":"Expediente e contato"}]},{"@type":"WebSite","@id":"https:\/\/jgtv-programas-e-noticias.builderallwppro.com\/#website","url":"https:\/\/jgtv-programas-e-noticias.builderallwppro.com\/","name":"JGTV Programas e Not\u00edcias","description":"Site do JG TV - O seu podcast sobre Comunica\u00e7\u00e3o, Empreendedorismo e Desenvolvimento Humano","publisher":{"@id":"https:\/\/jgtv-programas-e-noticias.builderallwppro.com\/#organization"},"potentialAction":[{"@type":"SearchAction","target":{"@type":"EntryPoint","urlTemplate":"https:\/\/jgtv-programas-e-noticias.builderallwppro.com\/?s={search_term_string}"},"query-input":{"@type":"PropertyValueSpecification","valueRequired":true,"valueName":"search_term_string"}}],"inLanguage":"pt-BR"},{"@type":"Organization","@id":"https:\/\/jgtv-programas-e-noticias.builderallwppro.com\/#organization","name":"JGTV Programas e Not\u00edcias","url":"https:\/\/jgtv-programas-e-noticias.builderallwppro.com\/","logo":{"@type":"ImageObject","inLanguage":"pt-BR","@id":"https:\/\/jgtv-programas-e-noticias.builderallwppro.com\/#\/schema\/logo\/image\/","url":"https:\/\/jgtv-programas-e-noticias.builderallwppro.com\/wp-content\/uploads\/2026\/01\/cropped-logoJGTV-1.png","contentUrl":"https:\/\/jgtv-programas-e-noticias.builderallwppro.com\/wp-content\/uploads\/2026\/01\/cropped-logoJGTV-1.png","width":1918,"height":1080,"caption":"JGTV Programas e Not\u00edcias"},"image":{"@id":"https:\/\/jgtv-programas-e-noticias.builderallwppro.com\/#\/schema\/logo\/image\/"}}]}},"_links":{"self":[{"href":"https:\/\/jgtv-programas-e-noticias.builderallwppro.com\/index.php?rest_route=\/wp\/v2\/pages\/59","targetHints":{"allow":["GET"]}}],"collection":[{"href":"https:\/\/jgtv-programas-e-noticias.builderallwppro.com\/index.php?rest_route=\/wp\/v2\/pages"}],"about":[{"href":"https:\/\/jgtv-programas-e-noticias.builderallwppro.com\/index.php?rest_route=\/wp\/v2\/types\/page"}],"author":[{"embeddable":true,"href":"https:\/\/jgtv-programas-e-noticias.builderallwppro.com\/index.php?rest_route=\/wp\/v2\/users\/1"}],"replies":[{"embeddable":true,"href":"https:\/\/jgtv-programas-e-noticias.builderallwppro.com\/index.php?rest_route=%2Fwp%2Fv2%2Fcomments&post=59"}],"version-history":[{"count":2,"href":"https:\/\/jgtv-programas-e-noticias.builderallwppro.com\/index.php?rest_route=\/wp\/v2\/pages\/59\/revisions"}],"predecessor-version":[{"id":114,"href":"https:\/\/jgtv-programas-e-noticias.builderallwppro.com\/index.php?rest_route=\/wp\/v2\/pages\/59\/revisions\/114"}],"wp:attachment":[{"href":"https:\/\/jgtv-programas-e-noticias.builderallwppro.com\/index.php?rest_route=%2Fwp%2Fv2%2Fmedia&parent=59"}],"curies":[{"name":"wp","href":"https:\/\/api.w.org\/{rel}","templated":true}]}}