{"id":2,"date":"2026-01-15T00:36:20","date_gmt":"2026-01-15T03:36:20","guid":{"rendered":"https:\/\/jgtv-programas-e-noticias.builderallwppro.com\/?page_id=2"},"modified":"2026-01-15T02:01:03","modified_gmt":"2026-01-15T05:01:03","slug":"pagina-exemplo","status":"publish","type":"page","link":"https:\/\/jgtv-programas-e-noticias.builderallwppro.com\/?page_id=2","title":{"rendered":"Publicidade e Parcerias"},"content":{"rendered":"\n<h2 class=\"wp-block-heading\">Anuncie no JG TV<\/h2>\n\n\n\n<h3 class=\"wp-block-heading\">Comunica\u00e7\u00e3o de valor para marcas que querem relev\u00e2ncia<\/h3>\n\n\n\n<p>O <strong>JG TV<\/strong> \u00e9 um ambiente estrat\u00e9gico para marcas que desejam se conectar a um p\u00fablico <strong>economicamente ativo, formador de opini\u00e3o e com alto poder de decis\u00e3o<\/strong>, por meio de conte\u00fados que informam, inspiram e geram confian\u00e7a.<\/p>\n\n\n\n<p>Com uma audi\u00eancia altamente engajada e uma abordagem editorial consistente, o JG TV oferece <strong>parcerias que v\u00e3o al\u00e9m da exposi\u00e7\u00e3o<\/strong>, criando associa\u00e7\u00e3o de marca com conhecimento, credibilidade e impacto.<\/p>\n\n\n\n<h3 class=\"wp-block-heading\">Perfil de p\u00fablico<\/h3>\n\n\n\n<ul class=\"wp-block-list\">\n<li>Audi\u00eancia majoritariamente feminina<\/li>\n\n\n\n<li>P\u00fablico profissional ativo, com poder aquisitivo elevado<\/li>\n\n\n\n<li>Interesse em <strong>neg\u00f3cios, carreira, comunica\u00e7\u00e3o, desenvolvimento humano e temas femininos<\/strong><\/li>\n\n\n\n<li>Alto \u00edndice de engajamento com o conte\u00fado<\/li>\n<\/ul>\n\n\n\n<h3 class=\"wp-block-heading\">Alcance multiplataforma<\/h3>\n\n\n\n<ul class=\"wp-block-list\">\n<li>Podcast no YouTube e distribui\u00e7\u00e3o por cortes<\/li>\n\n\n\n<li>M\u00e9dia de dezenas de milhares de visualiza\u00e7\u00f5es mensais<\/li>\n\n\n\n<li>Newsletter semanal com audi\u00eancia qualificada<\/li>\n\n\n\n<li>Perfis profissionais e canais exclusivos<\/li>\n\n\n\n<li><strong>Site JG TV<\/strong>, com conte\u00fados editoriais perenes e index\u00e1veis<\/li>\n<\/ul>\n\n\n\n<h3 class=\"wp-block-heading\">Formatos de parceria<\/h3>\n\n\n\n<p>As marcas podem se integrar ao JG TV de forma <strong>org\u00e2nica e personalizada<\/strong>, respeitando o estilo do canal e os interesses da audi\u00eancia:<\/p>\n\n\n\n<ul class=\"wp-block-list\">\n<li><strong>Apoio a quadros espec\u00edficos<\/strong><\/li>\n\n\n\n<li><strong>Playlists exclusivas para anunciantes<\/strong><\/li>\n\n\n\n<li><strong>Branded content<\/strong> (epis\u00f3dios e entrevistas patrocinadas)<\/li>\n\n\n\n<li><strong>S\u00e9ries customizadas<\/strong><\/li>\n\n\n\n<li><strong>Inser\u00e7\u00e3o fixa de marca em quadros<\/strong><\/li>\n\n\n\n<li>Presen\u00e7a editorial no <strong>site JG TV<\/strong><\/li>\n<\/ul>\n\n\n\n<p>Cada parceria \u00e9 constru\u00edda sob medida, alinhando <strong>objetivos de comunica\u00e7\u00e3o, valores da marca e perfil do p\u00fablico<\/strong>.<\/p>\n\n\n\n<h3 class=\"wp-block-heading\">Por que anunciar no JG TV?<\/h3>\n\n\n\n<p>Porque o JG TV entrega <strong>contexto, aten\u00e7\u00e3o e credibilidade<\/strong> \u2014 tr\u00eas ativos essenciais em um cen\u00e1rio de excesso de informa\u00e7\u00e3o. Aqui, marcas n\u00e3o interrompem: <strong>participam da conversa<\/strong>.<br><br>Baixe o M\u00eddia Kit<\/p>\n\n\n\n<p><\/p>\n\n\n\n<div class=\"wp-block-file\"><a id=\"wp-block-file--media-2c91670f-e258-4180-acfc-ae65c3a27a72\" href=\"https:\/\/jgtv-programas-e-noticias.builderallwppro.com\/wp-content\/uploads\/2026\/01\/media_kit_jg_tv_2026.pdf\">media_kit_jg_tv_2026<\/a><a href=\"https:\/\/jgtv-programas-e-noticias.builderallwppro.com\/wp-content\/uploads\/2026\/01\/media_kit_jg_tv_2026.pdf\" class=\"wp-block-file__button wp-element-button\" download aria-describedby=\"wp-block-file--media-2c91670f-e258-4180-acfc-ae65c3a27a72\">Baixar<\/a><\/div>\n\n\n\n<p>\ud83d\udce9 <strong>Contato comercial:<\/strong><br><a>comercialpodcasts@jussaragoyano.com<\/a><\/p>\n\n\n\n<p><\/p>\n\n\n\n<p><\/p>\n","protected":false},"excerpt":{"rendered":"<p>Anuncie no JG TV Comunica\u00e7\u00e3o de valor para marcas que querem relev\u00e2ncia O JG TV \u00e9 um ambiente estrat\u00e9gico para marcas que desejam se conectar a um p\u00fablico economicamente ativo, formador de opini\u00e3o e com alto poder de decis\u00e3o, por meio de conte\u00fados que informam, inspiram e geram confian\u00e7a. Com uma audi\u00eancia altamente engajada e [&hellip;]<\/p>\n","protected":false},"author":1,"featured_media":44,"parent":0,"menu_order":0,"comment_status":"closed","ping_status":"open","template":"","meta":{"footnotes":""},"class_list":["post-2","page","type-page","status-publish","has-post-thumbnail","hentry"],"yoast_head":"<!-- This site is optimized with the Yoast SEO plugin v26.8 - https:\/\/yoast.com\/product\/yoast-seo-wordpress\/ -->\n<title>Publicidade e Parcerias - JGTV Programas e Not\u00edcias<\/title>\n<meta name=\"robots\" content=\"index, follow, max-snippet:-1, max-image-preview:large, max-video-preview:-1\" \/>\n<link rel=\"canonical\" href=\"https:\/\/jgtv-programas-e-noticias.builderallwppro.com\/?page_id=2\" \/>\n<meta property=\"og:locale\" content=\"pt_BR\" \/>\n<meta property=\"og:type\" content=\"article\" \/>\n<meta property=\"og:title\" content=\"Publicidade e Parcerias - JGTV Programas e Not\u00edcias\" \/>\n<meta property=\"og:description\" content=\"Anuncie no JG TV Comunica\u00e7\u00e3o de valor para marcas que querem relev\u00e2ncia O JG TV \u00e9 um ambiente estrat\u00e9gico para marcas que desejam se conectar a um p\u00fablico economicamente ativo, formador de opini\u00e3o e com alto poder de decis\u00e3o, por meio de conte\u00fados que informam, inspiram e geram confian\u00e7a. Com uma audi\u00eancia altamente engajada e [&hellip;]\" \/>\n<meta property=\"og:url\" content=\"https:\/\/jgtv-programas-e-noticias.builderallwppro.com\/?page_id=2\" \/>\n<meta property=\"og:site_name\" content=\"JGTV Programas e Not\u00edcias\" \/>\n<meta property=\"article:modified_time\" content=\"2026-01-15T05:01:03+00:00\" \/>\n<meta property=\"og:image\" content=\"https:\/\/jgtv-programas-e-noticias.builderallwppro.com\/wp-content\/uploads\/2026\/01\/mockup-JGTV.png\" \/>\n\t<meta property=\"og:image:width\" content=\"1366\" \/>\n\t<meta property=\"og:image:height\" content=\"768\" \/>\n\t<meta property=\"og:image:type\" content=\"image\/png\" \/>\n<meta name=\"twitter:card\" content=\"summary_large_image\" \/>\n<meta name=\"twitter:label1\" content=\"Est. tempo de leitura\" \/>\n\t<meta name=\"twitter:data1\" content=\"2 minutos\" \/>\n<script type=\"application\/ld+json\" class=\"yoast-schema-graph\">{\"@context\":\"https:\/\/schema.org\",\"@graph\":[{\"@type\":\"WebPage\",\"@id\":\"https:\/\/jgtv-programas-e-noticias.builderallwppro.com\/?page_id=2\",\"url\":\"https:\/\/jgtv-programas-e-noticias.builderallwppro.com\/?page_id=2\",\"name\":\"Publicidade e Parcerias - JGTV Programas e Not\u00edcias\",\"isPartOf\":{\"@id\":\"https:\/\/jgtv-programas-e-noticias.builderallwppro.com\/#website\"},\"primaryImageOfPage\":{\"@id\":\"https:\/\/jgtv-programas-e-noticias.builderallwppro.com\/?page_id=2#primaryimage\"},\"image\":{\"@id\":\"https:\/\/jgtv-programas-e-noticias.builderallwppro.com\/?page_id=2#primaryimage\"},\"thumbnailUrl\":\"https:\/\/jgtv-programas-e-noticias.builderallwppro.com\/wp-content\/uploads\/2026\/01\/mockup-JGTV.png\",\"datePublished\":\"2026-01-15T03:36:20+00:00\",\"dateModified\":\"2026-01-15T05:01:03+00:00\",\"breadcrumb\":{\"@id\":\"https:\/\/jgtv-programas-e-noticias.builderallwppro.com\/?page_id=2#breadcrumb\"},\"inLanguage\":\"pt-BR\",\"potentialAction\":[{\"@type\":\"ReadAction\",\"target\":[\"https:\/\/jgtv-programas-e-noticias.builderallwppro.com\/?page_id=2\"]}]},{\"@type\":\"ImageObject\",\"inLanguage\":\"pt-BR\",\"@id\":\"https:\/\/jgtv-programas-e-noticias.builderallwppro.com\/?page_id=2#primaryimage\",\"url\":\"https:\/\/jgtv-programas-e-noticias.builderallwppro.com\/wp-content\/uploads\/2026\/01\/mockup-JGTV.png\",\"contentUrl\":\"https:\/\/jgtv-programas-e-noticias.builderallwppro.com\/wp-content\/uploads\/2026\/01\/mockup-JGTV.png\",\"width\":1366,\"height\":768,\"caption\":\"mockup JGTV\"},{\"@type\":\"BreadcrumbList\",\"@id\":\"https:\/\/jgtv-programas-e-noticias.builderallwppro.com\/?page_id=2#breadcrumb\",\"itemListElement\":[{\"@type\":\"ListItem\",\"position\":1,\"name\":\"In\u00edcio\",\"item\":\"https:\/\/jgtv-programas-e-noticias.builderallwppro.com\/\"},{\"@type\":\"ListItem\",\"position\":2,\"name\":\"Publicidade e Parcerias\"}]},{\"@type\":\"WebSite\",\"@id\":\"https:\/\/jgtv-programas-e-noticias.builderallwppro.com\/#website\",\"url\":\"https:\/\/jgtv-programas-e-noticias.builderallwppro.com\/\",\"name\":\"JGTV Programas e Not\u00edcias\",\"description\":\"Site do JG TV - O seu podcast sobre Comunica\u00e7\u00e3o, Empreendedorismo e Desenvolvimento Humano\",\"publisher\":{\"@id\":\"https:\/\/jgtv-programas-e-noticias.builderallwppro.com\/#organization\"},\"potentialAction\":[{\"@type\":\"SearchAction\",\"target\":{\"@type\":\"EntryPoint\",\"urlTemplate\":\"https:\/\/jgtv-programas-e-noticias.builderallwppro.com\/?s={search_term_string}\"},\"query-input\":{\"@type\":\"PropertyValueSpecification\",\"valueRequired\":true,\"valueName\":\"search_term_string\"}}],\"inLanguage\":\"pt-BR\"},{\"@type\":\"Organization\",\"@id\":\"https:\/\/jgtv-programas-e-noticias.builderallwppro.com\/#organization\",\"name\":\"JGTV Programas e Not\u00edcias\",\"url\":\"https:\/\/jgtv-programas-e-noticias.builderallwppro.com\/\",\"logo\":{\"@type\":\"ImageObject\",\"inLanguage\":\"pt-BR\",\"@id\":\"https:\/\/jgtv-programas-e-noticias.builderallwppro.com\/#\/schema\/logo\/image\/\",\"url\":\"https:\/\/jgtv-programas-e-noticias.builderallwppro.com\/wp-content\/uploads\/2026\/01\/cropped-logoJGTV-1.png\",\"contentUrl\":\"https:\/\/jgtv-programas-e-noticias.builderallwppro.com\/wp-content\/uploads\/2026\/01\/cropped-logoJGTV-1.png\",\"width\":1918,\"height\":1080,\"caption\":\"JGTV Programas e Not\u00edcias\"},\"image\":{\"@id\":\"https:\/\/jgtv-programas-e-noticias.builderallwppro.com\/#\/schema\/logo\/image\/\"}}]}<\/script>\n<!-- \/ Yoast SEO plugin. -->","yoast_head_json":{"title":"Publicidade e Parcerias - JGTV Programas e Not\u00edcias","robots":{"index":"index","follow":"follow","max-snippet":"max-snippet:-1","max-image-preview":"max-image-preview:large","max-video-preview":"max-video-preview:-1"},"canonical":"https:\/\/jgtv-programas-e-noticias.builderallwppro.com\/?page_id=2","og_locale":"pt_BR","og_type":"article","og_title":"Publicidade e Parcerias - JGTV Programas e Not\u00edcias","og_description":"Anuncie no JG TV Comunica\u00e7\u00e3o de valor para marcas que querem relev\u00e2ncia O JG TV \u00e9 um ambiente estrat\u00e9gico para marcas que desejam se conectar a um p\u00fablico economicamente ativo, formador de opini\u00e3o e com alto poder de decis\u00e3o, por meio de conte\u00fados que informam, inspiram e geram confian\u00e7a. Com uma audi\u00eancia altamente engajada e [&hellip;]","og_url":"https:\/\/jgtv-programas-e-noticias.builderallwppro.com\/?page_id=2","og_site_name":"JGTV Programas e Not\u00edcias","article_modified_time":"2026-01-15T05:01:03+00:00","og_image":[{"width":1366,"height":768,"url":"https:\/\/jgtv-programas-e-noticias.builderallwppro.com\/wp-content\/uploads\/2026\/01\/mockup-JGTV.png","type":"image\/png"}],"twitter_card":"summary_large_image","twitter_misc":{"Est. tempo de leitura":"2 minutos"},"schema":{"@context":"https:\/\/schema.org","@graph":[{"@type":"WebPage","@id":"https:\/\/jgtv-programas-e-noticias.builderallwppro.com\/?page_id=2","url":"https:\/\/jgtv-programas-e-noticias.builderallwppro.com\/?page_id=2","name":"Publicidade e Parcerias - JGTV Programas e Not\u00edcias","isPartOf":{"@id":"https:\/\/jgtv-programas-e-noticias.builderallwppro.com\/#website"},"primaryImageOfPage":{"@id":"https:\/\/jgtv-programas-e-noticias.builderallwppro.com\/?page_id=2#primaryimage"},"image":{"@id":"https:\/\/jgtv-programas-e-noticias.builderallwppro.com\/?page_id=2#primaryimage"},"thumbnailUrl":"https:\/\/jgtv-programas-e-noticias.builderallwppro.com\/wp-content\/uploads\/2026\/01\/mockup-JGTV.png","datePublished":"2026-01-15T03:36:20+00:00","dateModified":"2026-01-15T05:01:03+00:00","breadcrumb":{"@id":"https:\/\/jgtv-programas-e-noticias.builderallwppro.com\/?page_id=2#breadcrumb"},"inLanguage":"pt-BR","potentialAction":[{"@type":"ReadAction","target":["https:\/\/jgtv-programas-e-noticias.builderallwppro.com\/?page_id=2"]}]},{"@type":"ImageObject","inLanguage":"pt-BR","@id":"https:\/\/jgtv-programas-e-noticias.builderallwppro.com\/?page_id=2#primaryimage","url":"https:\/\/jgtv-programas-e-noticias.builderallwppro.com\/wp-content\/uploads\/2026\/01\/mockup-JGTV.png","contentUrl":"https:\/\/jgtv-programas-e-noticias.builderallwppro.com\/wp-content\/uploads\/2026\/01\/mockup-JGTV.png","width":1366,"height":768,"caption":"mockup JGTV"},{"@type":"BreadcrumbList","@id":"https:\/\/jgtv-programas-e-noticias.builderallwppro.com\/?page_id=2#breadcrumb","itemListElement":[{"@type":"ListItem","position":1,"name":"In\u00edcio","item":"https:\/\/jgtv-programas-e-noticias.builderallwppro.com\/"},{"@type":"ListItem","position":2,"name":"Publicidade e Parcerias"}]},{"@type":"WebSite","@id":"https:\/\/jgtv-programas-e-noticias.builderallwppro.com\/#website","url":"https:\/\/jgtv-programas-e-noticias.builderallwppro.com\/","name":"JGTV Programas e Not\u00edcias","description":"Site do JG TV - O seu podcast sobre Comunica\u00e7\u00e3o, Empreendedorismo e Desenvolvimento Humano","publisher":{"@id":"https:\/\/jgtv-programas-e-noticias.builderallwppro.com\/#organization"},"potentialAction":[{"@type":"SearchAction","target":{"@type":"EntryPoint","urlTemplate":"https:\/\/jgtv-programas-e-noticias.builderallwppro.com\/?s={search_term_string}"},"query-input":{"@type":"PropertyValueSpecification","valueRequired":true,"valueName":"search_term_string"}}],"inLanguage":"pt-BR"},{"@type":"Organization","@id":"https:\/\/jgtv-programas-e-noticias.builderallwppro.com\/#organization","name":"JGTV Programas e Not\u00edcias","url":"https:\/\/jgtv-programas-e-noticias.builderallwppro.com\/","logo":{"@type":"ImageObject","inLanguage":"pt-BR","@id":"https:\/\/jgtv-programas-e-noticias.builderallwppro.com\/#\/schema\/logo\/image\/","url":"https:\/\/jgtv-programas-e-noticias.builderallwppro.com\/wp-content\/uploads\/2026\/01\/cropped-logoJGTV-1.png","contentUrl":"https:\/\/jgtv-programas-e-noticias.builderallwppro.com\/wp-content\/uploads\/2026\/01\/cropped-logoJGTV-1.png","width":1918,"height":1080,"caption":"JGTV Programas e Not\u00edcias"},"image":{"@id":"https:\/\/jgtv-programas-e-noticias.builderallwppro.com\/#\/schema\/logo\/image\/"}}]}},"_links":{"self":[{"href":"https:\/\/jgtv-programas-e-noticias.builderallwppro.com\/index.php?rest_route=\/wp\/v2\/pages\/2","targetHints":{"allow":["GET"]}}],"collection":[{"href":"https:\/\/jgtv-programas-e-noticias.builderallwppro.com\/index.php?rest_route=\/wp\/v2\/pages"}],"about":[{"href":"https:\/\/jgtv-programas-e-noticias.builderallwppro.com\/index.php?rest_route=\/wp\/v2\/types\/page"}],"author":[{"embeddable":true,"href":"https:\/\/jgtv-programas-e-noticias.builderallwppro.com\/index.php?rest_route=\/wp\/v2\/users\/1"}],"replies":[{"embeddable":true,"href":"https:\/\/jgtv-programas-e-noticias.builderallwppro.com\/index.php?rest_route=%2Fwp%2Fv2%2Fcomments&post=2"}],"version-history":[{"count":1,"href":"https:\/\/jgtv-programas-e-noticias.builderallwppro.com\/index.php?rest_route=\/wp\/v2\/pages\/2\/revisions"}],"predecessor-version":[{"id":46,"href":"https:\/\/jgtv-programas-e-noticias.builderallwppro.com\/index.php?rest_route=\/wp\/v2\/pages\/2\/revisions\/46"}],"wp:featuredmedia":[{"embeddable":true,"href":"https:\/\/jgtv-programas-e-noticias.builderallwppro.com\/index.php?rest_route=\/wp\/v2\/media\/44"}],"wp:attachment":[{"href":"https:\/\/jgtv-programas-e-noticias.builderallwppro.com\/index.php?rest_route=%2Fwp%2Fv2%2Fmedia&parent=2"}],"curies":[{"name":"wp","href":"https:\/\/api.w.org\/{rel}","templated":true}]}}